{"id":271,"date":"2018-05-23T13:58:23","date_gmt":"2018-05-23T11:58:23","guid":{"rendered":"http:\/\/wexeler.de\/?page_id=271"},"modified":"2018-05-23T14:19:02","modified_gmt":"2018-05-23T12:19:02","slug":"impressum","status":"publish","type":"page","link":"https:\/\/wexeler.de\/?page_id=271","title":{"rendered":"Impressum"},"content":{"rendered":"<p style=\"text-align: left;\"><strong>Angaben gem\u00e4\u00df \u00a7 5 TMG:<\/strong><\/p>\n<p>Anita Wexeler<br \/>\nLurheck 12<br \/>\n53359 Rheinbach<br \/>\ninfo@wexeler.de<br \/>\nwww.wexeler.de<br \/>\n02226\/168562<br \/>\n01772708096<\/p>\n<p>&nbsp;<\/p>\n<p style=\"text-align: left;\"><strong>Verantwortlicher gem. \u00a7 55 Abs. 2 RStV<\/strong><\/p>\n<p style=\"text-align: left;\">Anita Wexeler<br \/>\nLurheck 12<br \/>\n53359 Rheinbach<br \/>\ninfo@wexeler.de<br \/>\nwww.wexeler.de<br \/>\n02226\/168562<br \/>\n01772708096<\/p>\n<p style=\"text-align: left;\"><strong>Au\u00dfergerichtliche Streitbeilegung<\/strong><\/p>\n<p style=\"text-align: left;\">Die Europ\u00e4ische Kommission stellt eine Online-Streitbeilegungsplattform, (kurz: ODR-Plattform): bereit, die unter www.ec.europa.eu\/consumers\/odr\u00a0 aufrufbar ist.<\/p>\n<div class=\"info-box\">\n<p style=\"text-align: left;\"><strong>Haftungsausschluss:<\/strong><\/p>\n<p style=\"text-align: left;\">Haftung f\u00fcr Inhalte<br \/>\nDie Inhalte meiner Seiten wurden mit gr\u00f6\u00dfter Sorgfalt erstellt. F\u00fcr die Richtigkeit, Vollst\u00e4ndigkeit und Aktualit\u00e4t der Inhalte kann ich jedoch keine Gew\u00e4hr \u00fcbernehmen. Als Diensteanbieter bin ich gem\u00e4\u00df \u00a7 7 Abs.1 TMG f\u00fcr eigene Inhalte auf diesen Seiten nach den allgemeinen Gesetzen verantwortlich. Nach \u00a7\u00a7 8 bis 10 TMG bin ich als Diensteanbieter jedoch nicht verpflichtet, \u00fcbermittelte oder gespeicherte fremde Informationen zu \u00fcberwachen oder nach Umst\u00e4nden zu forschen, die auf eine rechtswidrige T\u00e4tigkeit hinweisen. Verpflichtungen zur Entfernung oder Sperrung der Nutzung von Informationen nach den allgemeinen Gesetzen bleiben hiervon unber\u00fchrt. Eine diesbez\u00fcgliche Haftung ist jedoch erst ab dem Zeitpunkt der Kenntnis einer konkreten Rechtsverletzung m\u00f6glich. Bei Bekanntwerden von entsprechenden Rechtsverletzungen werden wir diese Inhalte umgehend entfernen.<\/p>\n<p style=\"text-align: left;\">Haftung f\u00fcr Links<br \/>\nMein Angebot enth\u00e4lt Links zu externen Webseiten Dritter, auf deren Inhalte ich keinen Einfluss habe. Deshalb kann ich f\u00fcr diese fremden Inhalte auch keine Gew\u00e4hr \u00fcbernehmen. F\u00fcr die Inhalte der verlinkten Seiten ist stets der jeweilige Anbieter oder Betreiber der Seiten verantwortlich. Die verlinkten Seiten wurden zum Zeitpunkt der Verlinkung auf m\u00f6gliche Rechtsverst\u00f6\u00dfe \u00fcberpr\u00fcft. Rechtswidrige Inhalte waren zum Zeitpunkt der Verlinkung nicht erkennbar. Eine permanente inhaltliche Kontrolle der verlinkten Seiten ist jedoch ohne konkrete Anhaltspunkte einer Rechtsverletzung nicht zumutbar. Bei Bekanntwerden von Rechtsverletzungen werde ich derartige Links umgehend entfernen.<\/p>\n<p style=\"text-align: left;\">Urheberrecht<br \/>\nDie durch die Seitenbetreiber erstellten Inhalte und Werke auf diesen Seiten unterliegen dem deutschen Urheberrecht. Die Vervielf\u00e4ltigung, Bearbeitung, Verbreitung und jede Art der Verwertung au\u00dferhalb der Grenzen des Urheberrechtes bed\u00fcrfen der schriftlichen Zustimmung des jeweiligen Autors bzw. Erstellers. Downloads und Kopien dieser Seite sind nur f\u00fcr den privaten, nicht kommerziellen Gebrauch gestattet. Soweit die Inhalte auf dieser Seite nicht vom Betreiber erstellt wurden, werden die Urheberrechte Dritter beachtet. Insbesondere werden Inhalte Dritter als solche gekennzeichnet. Sollten Sie trotzdem auf eine Urheberrechtsverletzung aufmerksam werden, bitte ich um einen entsprechenden Hinweis. Bei Bekanntwerden von Rechtsverletzungen werde ich derartige Inhalte umgehend entfernen.<\/p>\n<p style=\"text-align: left;\">Hinweis zu den Bildrechten:<br \/>\nAlle auf dieser Webseite gezeigten Fotos unterliegen dem Urheberrecht. Jede Verwendung der Fotos ohne Erlaubnis \u2013 egal in welcher Form \u2013 ist nicht gestattet und wird gem\u00e4\u00df den gesetzlichen Bestimmungen zivil- und strafrechtlich verfolgt. Nutzungsentgelte werden entsprechend dem KUG auch nachtr\u00e4glich f\u00e4llig und eingefordert. Gegen eine rein private Verwendung oder Verlinkung spricht nichts sofern formlos eine Einwilligung bei uns eingeholt wurde. Bei Modelshootings wird von dieser Zustimmung stillschweigend ausgegangen, solange die Fotos keinen erotischen Inhalt haben und ohnehin der Bewerbung als Model dienen sowie zur Weitergabe an Dritte (Agenturen, Sedcards ect.) bestimmt sind.<\/p>\n<\/div>\n","protected":false},"excerpt":{"rendered":"<p>Angaben gem\u00e4\u00df \u00a7 5 TMG:\r\nAnita Wexeler\r\nLurheck 12\r\n53359 ...<\/p>","protected":false},"author":1,"featured_media":0,"parent":0,"menu_order":0,"comment_status":"open","ping_status":"open","template":"","meta":{"footnotes":""},"class_list":["post-271","page","type-page","status-publish","hentry"],"_links":{"self":[{"href":"https:\/\/wexeler.de\/index.php?rest_route=\/wp\/v2\/pages\/271","targetHints":{"allow":["GET"]}}],"collection":[{"href":"https:\/\/wexeler.de\/index.php?rest_route=\/wp\/v2\/pages"}],"about":[{"href":"https:\/\/wexeler.de\/index.php?rest_route=\/wp\/v2\/types\/page"}],"author":[{"embeddable":true,"href":"https:\/\/wexeler.de\/index.php?rest_route=\/wp\/v2\/users\/1"}],"replies":[{"embeddable":true,"href":"https:\/\/wexeler.de\/index.php?rest_route=%2Fwp%2Fv2%2Fcomments&post=271"}],"version-history":[{"count":3,"href":"https:\/\/wexeler.de\/index.php?rest_route=\/wp\/v2\/pages\/271\/revisions"}],"predecessor-version":[{"id":275,"href":"https:\/\/wexeler.de\/index.php?rest_route=\/wp\/v2\/pages\/271\/revisions\/275"}],"wp:attachment":[{"href":"https:\/\/wexeler.de\/index.php?rest_route=%2Fwp%2Fv2%2Fmedia&parent=271"}],"curies":[{"name":"wp","href":"https:\/\/api.w.org\/{rel}","templated":true}]}}