{"id":25,"date":"2013-04-05T19:39:37","date_gmt":"2013-04-05T19:39:37","guid":{"rendered":"http:\/\/famousthemes.com\/beauty-center-wordpress\/?page_id=25"},"modified":"2025-10-21T15:47:10","modified_gmt":"2025-10-21T13:47:10","slug":"home","status":"publish","type":"page","link":"https:\/\/wexeler.de\/","title":{"rendered":"home"},"content":{"rendered":"<div class=\"wpb-content-wrapper\"><p>[vc_row][vc_column width=&#8220;1\/2&#8243; css=&#8220;.vc_custom_1761053811847{margin-left: 20px !important;}&#8220;][vc_single_image image=&#8220;292&#8243; img_size=&#8220;large&#8220; alignment=&#8220;center&#8220; style=&#8220;vc_box_shadow_3d&#8220; css=&#8220;&#8220;][\/vc_column][vc_column width=&#8220;1\/2&#8243; css=&#8220;.vc_custom_1761054011313{margin-left: -20px !important;}&#8220;][vc_text_separator title=&#8220;\u00dcber mich&#8220; css=&#8220;&#8220;][vc_column_text css=&#8220;&#8220;]Ich bin Anita Wexeler \u2013 Hautpflegeberaterin und Visagistin \u2013 und habe das gro\u00dfe Gl\u00fcck, meine Leidenschaft zu meinem Beruf gemacht zu haben. Ob ein frisches Business-Make-up f\u00fcr den Tag oder ein glamour\u00f6ser Auftritt am Abend: Bei mir ist Ihr gepflegtes Aussehen in den besten H\u00e4nden.<\/p>\n<p>Die Basis f\u00fcr jeden gelungenen Look bildet eine individuelle und kompetente Typberatung \u2013 denn Ihre Pers\u00f6nlichkeit und Einzigartigkeit stehen dabei stets im Mittelpunkt.<\/p>\n<p>&nbsp;<\/p>\n<p>Was Sie von mir erwarten k\u00f6nnen?<\/p>\n<p>\u2728 Individuelle Beratung und ein feines Gesp\u00fcr f\u00fcr Stil<\/p>\n<p>\u2728 Ein vielseitiges Repertoire f\u00fcr unterschiedliche Anl\u00e4sse<\/p>\n<p>\u2728 Zeitliche Flexibilit\u00e4t<\/p>\n<p>\u2728 Langj\u00e4hrige Erfahrung kombiniert mit umfassendem Fachwissen<\/p>\n<p>&nbsp;<\/p>\n<p>&nbsp;[\/vc_column_text][\/vc_column][\/vc_row]<\/p>\n<\/div>","protected":false},"excerpt":{"rendered":"<p>[vc_row][vc_column width=\"1\/2\" css=\".vc_custom_1761053811847{margin-left: 20px !important;}\"][vc_single_image image=\"292\" img_size=\"large\" ...<\/p>","protected":false},"author":1,"featured_media":0,"parent":0,"menu_order":0,"comment_status":"open","ping_status":"open","template":"homepage.php","meta":{"footnotes":""},"class_list":["post-25","page","type-page","status-publish","hentry"],"_links":{"self":[{"href":"https:\/\/wexeler.de\/index.php?rest_route=\/wp\/v2\/pages\/25","targetHints":{"allow":["GET"]}}],"collection":[{"href":"https:\/\/wexeler.de\/index.php?rest_route=\/wp\/v2\/pages"}],"about":[{"href":"https:\/\/wexeler.de\/index.php?rest_route=\/wp\/v2\/types\/page"}],"author":[{"embeddable":true,"href":"https:\/\/wexeler.de\/index.php?rest_route=\/wp\/v2\/users\/1"}],"replies":[{"embeddable":true,"href":"https:\/\/wexeler.de\/index.php?rest_route=%2Fwp%2Fv2%2Fcomments&post=25"}],"version-history":[{"count":53,"href":"https:\/\/wexeler.de\/index.php?rest_route=\/wp\/v2\/pages\/25\/revisions"}],"predecessor-version":[{"id":294,"href":"https:\/\/wexeler.de\/index.php?rest_route=\/wp\/v2\/pages\/25\/revisions\/294"}],"wp:attachment":[{"href":"https:\/\/wexeler.de\/index.php?rest_route=%2Fwp%2Fv2%2Fmedia&parent=25"}],"curies":[{"name":"wp","href":"https:\/\/api.w.org\/{rel}","templated":true}]}}