{"id":120,"date":"2015-12-10T09:29:55","date_gmt":"2015-12-10T08:29:55","guid":{"rendered":"http:\/\/web171.c6.webspace-verkauf.de\/wp1\/?page_id=120"},"modified":"2025-10-21T16:00:02","modified_gmt":"2025-10-21T14:00:02","slug":"brautservice","status":"publish","type":"page","link":"https:\/\/wexeler.de\/?page_id=120","title":{"rendered":"Brautservice"},"content":{"rendered":"<div class=\"wpb-content-wrapper\"><p>[vc_row][vc_column][vc_column_text css=&#8220;&#8220;]<strong>Unser Brautservice in 3 Schritten<\/strong><\/p>\n<p>F\u00fcr ein strahlendes Aussehen an Ihrem sch\u00f6nsten Tag!<\/p>\n<p>1.<br \/>\n<strong>Beauty-Beratung = typgerechte Hautpflege<\/strong><\/p>\n<p>&#8211; wenn m\u00f6glich 3-4 Monate vor dem Hochzeitstermin<br \/>\n&#8211; eine individuelle, typgerechte Hautpflege-Beratung ist die Grundlage f\u00fcr Ihr strahlendes<br \/>\nAussehen<br \/>\n&#8211; Ihre Freundinnen d\u00fcrfen gerne dabei sein *individuell, unverbindlich und kostenlos*<\/p>\n<p>2.<br \/>\n<strong>Probe Make up<\/strong><\/p>\n<p>&#8211; 4 Wochen vor dem Hochzeitstermin<br \/>\n&#8211; abgestimmt auf Ihre pers\u00f6nlichen W\u00fcnsche und passend zu Ihnen, Ihrem Kleid und Ihrem<br \/>\nBlumenstrau\u00df<br \/>\n&#8211; Individuell und unverbindlich<\/p>\n<p>3.<br \/>\n<strong>Braut Make up am Hochzeitstag<\/strong><\/p>\n<p>&#8211; Gerne bei Ihnen zu Hause oder beim Friseur<br \/>\n&#8211; Wenn erw\u00fcnscht, gerne auch den Br\u00e4utigam mattieren f\u00fcr die Fotos (ist inklusive)<\/p>\n<p>Dies erhalten Sie nur f\u00fcr 159 \u20ac inkl. Probe Make up.<br \/>\nAnreisekosten sind ebenfalls inkl.<\/p>\n<p>Jede weitere Person, die geschminkt werden m\u00f6chte, bekommt ihr Make up f\u00fcr nur 45 \u20ac.<br \/>\nSie sollte &#8211; wenn m\u00f6glich &#8211; bereits bei Schritt 1 dabei sein.[\/vc_column_text][\/vc_column][\/vc_row][vc_row][vc_column][vc_single_image image=&#8220;300&#8243; img_size=&#8220;large&#8220; alignment=&#8220;center&#8220; style=&#8220;vc_box_shadow_3d&#8220;][\/vc_column][\/vc_row]<\/p>\n<\/div>","protected":false},"excerpt":{"rendered":"<p>[vc_row][vc_column][vc_column_text css=\"\"]Unser Brautservice in 3 Schritten\r\n\nF\u00fcr ein ...<\/p>","protected":false},"author":1,"featured_media":0,"parent":0,"menu_order":0,"comment_status":"open","ping_status":"open","template":"","meta":{"footnotes":""},"class_list":["post-120","page","type-page","status-publish","hentry"],"_links":{"self":[{"href":"https:\/\/wexeler.de\/index.php?rest_route=\/wp\/v2\/pages\/120","targetHints":{"allow":["GET"]}}],"collection":[{"href":"https:\/\/wexeler.de\/index.php?rest_route=\/wp\/v2\/pages"}],"about":[{"href":"https:\/\/wexeler.de\/index.php?rest_route=\/wp\/v2\/types\/page"}],"author":[{"embeddable":true,"href":"https:\/\/wexeler.de\/index.php?rest_route=\/wp\/v2\/users\/1"}],"replies":[{"embeddable":true,"href":"https:\/\/wexeler.de\/index.php?rest_route=%2Fwp%2Fv2%2Fcomments&post=120"}],"version-history":[{"count":9,"href":"https:\/\/wexeler.de\/index.php?rest_route=\/wp\/v2\/pages\/120\/revisions"}],"predecessor-version":[{"id":303,"href":"https:\/\/wexeler.de\/index.php?rest_route=\/wp\/v2\/pages\/120\/revisions\/303"}],"wp:attachment":[{"href":"https:\/\/wexeler.de\/index.php?rest_route=%2Fwp%2Fv2%2Fmedia&parent=120"}],"curies":[{"name":"wp","href":"https:\/\/api.w.org\/{rel}","templated":true}]}}